{"id":9460,"date":"2016-03-16T09:59:18","date_gmt":"2016-03-16T09:59:18","guid":{"rendered":"http:\/\/dummy.wedesignthemes.com\/onelife\/?page_id=4"},"modified":"2022-11-25T14:58:01","modified_gmt":"2022-11-25T17:58:01","slug":"home","status":"publish","type":"page","link":"https:\/\/drasimoneelias.com.br\/","title":{"rendered":"Home"},"content":{"rendered":"<p>[vc_row][vc_column el_id=&#8221;a-clinica&#8221;][vc_empty_space height=&#8221;50px&#8221;][vc_column_text el_class=&#8221;aligncenter&#8221;]<div class='dt-sc-small-separator '><\/div>\n<h2>A Cl\u00ednica<\/h2>\n<div class='dt-sc-clear '> <\/div>[\/vc_column_text][\/vc_column][\/vc_row][vc_row][vc_column width=&#8221;2\/3&#8243;][vc_column_text]A sa\u00fade da mulher e o seu bem-estar \u00e9 o principal foco da Cl\u00ednica Simone Elias, assim a cl\u00ednica foi concebida em um formato de trabalho diferenciado que prioriza o cuidado integral de pacientes com c\u00e2ncer de mama.<\/p>\n<p>A cl\u00ednica oferece um atendimento completo e personalizado para mulheres com doen\u00e7as mam\u00e1rias e, principalmente, acometidas pelo c\u00e2ncer de mama.<\/p>\n<p>Todas as etapas s\u00e3o contempladas: desde a investiga\u00e7\u00e3o diagn\u00f3stica at\u00e9 a repara\u00e7\u00e3o est\u00e9tica da mulher, al\u00e9m dos aspectos psicol\u00f3gicos da paciente.<\/p>\n<p>Um tratamento humanizado, baseado no acolhimento, escuta ativa, respeito, estrutura f\u00edsica acolhedora, sigilosa e \u00e9tica. Todos esses aspectos possibilitam a unidade do cuidado \u2013 aliar os melhores recursos t\u00e9cnicos \u00e0 qualidade no relacionamento com o paciente, sua fam\u00edlia e toda a equipe envolvida.<\/p>\n<p>Com uma vasta experi\u00eancia e conhecimento desta \u00e1rea, a doutora Simone Elias \u00e9 quem coordena os profissionais envolvidos, otimizando todas as sequ\u00eancias de tratamento necess\u00e1rias.[\/vc_column_text][\/vc_column][vc_column width=&#8221;1\/3&#8243;][vc_gallery interval=&#8221;3&#8243; images=&#8221;9639,9666,9631,9637,9630,9629,9635,9634,9628&#8243; img_size=&#8221;full&#8221;][\/vc_column][\/vc_row][vc_row][vc_column el_id=&#8221;a-doutora&#8221;][vc_empty_space height=&#8221;100px&#8221;][vc_column_text el_class=&#8221;aligncenter&#8221;]<div class='dt-sc-small-separator '><\/div>\n<h2>A Doutora Simone Elias<\/h2>\n<div class='dt-sc-clear '> <\/div>[\/vc_column_text][vc_column_text]A mastologista <a href=\"http:\/\/lattes.cnpq.br\/7745925386381770\">Simone Elias<\/a> se interessou pelo cuidado da sa\u00fade das mamas h\u00e1 mais de 20 anos. Atualmente, \u00e9 professora adjunta na Escola Paulista de Medicina da Unifesp, onde coordena o ambulat\u00f3rio de Mastologia e tamb\u00e9m participa ativamente de congressos, compartilhando e atualizando conhecimentos na \u00e1rea.<\/p>\n<p><em>&#8220;Hoje, com bastante experi\u00eancia no atendimento do paciente, acredito que qualquer situa\u00e7\u00e3o de agravo \u00e0 sa\u00fade nos torna vulner\u00e1vel, nos mostra como n\u00e3o temos o controle de nossas vidas e esta situa\u00e7\u00e3o configura um importante momento de crise. Apesar de a doen\u00e7a parecer apenas org\u00e2nica, tudo o que ocorre traz impactos em v\u00e1rias esferas: emocional, econ\u00f4mica, social, espiritual. E embora cada um de n\u00f3s tenha seus recursos internos para esse momento de enfrentamento, encontrar um profissional \u00e9tico e humano com certeza ajudar\u00e1 a atravessar essa crise de modo mais ameno&#8221;.<\/em><\/p>\n<p>Quando o paciente est\u00e1 em tratamento, \u00e9 essencial que ele receba todas as informa\u00e7\u00f5es que solicitar. Assim, suas ang\u00fastias ser\u00e3o diminu\u00eddas e ele poder\u00e1 participar nas decis\u00f5es terap\u00eauticas.<\/p>\n<p>Al\u00e9m da rela\u00e7\u00e3o m\u00e9dico-paciente, ajudar na rela\u00e7\u00e3o paciente-fam\u00edlia\/amigos \u00e9 de extrema import\u00e2ncia. Qualquer rede de apoio neste momento \u00e9 t\u00e3o fundamental quanto o tratamento.[\/vc_column_text][vc_empty_space height=&#8221;100px&#8221; el_id=&#8221;area-de-atuacao&#8221;][\/vc_column][vc_column][vc_column_text el_class=&#8221;aligncenter&#8221;]<div class='dt-sc-small-separator '><\/div>\n<h2>\u00c1REAS DE ATUA\u00c7\u00c3O<\/h2>\n<div class='dt-sc-clear '> <\/div>[\/vc_column_text][vc_column_text el_class=&#8221;aligncenter&#8221;]Fundadora da Cl\u00ednica que leva o seu nome, a doutora Simone Elias \u00e9 especializada em diagn\u00f3stico precoce, bi\u00f3psias de mamas, mamografias, ultrassonografia mam\u00e1ria, resson\u00e2ncia mam\u00e1ria e cirurgias mam\u00e1rias.[\/vc_column_text][\/vc_column][vc_column][vc_empty_space height=&#8221;62px&#8221;][\/vc_column][vc_column][vc_row_inner equal_height=&#8221;yes&#8221;][vc_column_inner width=&#8221;1\/3&#8243; css=&#8221;.vc_custom_1458192848305{padding-top: 0px !important;padding-right: 0px !important;padding-bottom: 0px !important;padding-left: 0px !important;}&#8221;]<div class='dt-sc-icon-box type1 '><div class=\"icon-wrapper\"><img loading=\"lazy\" decoding=\"async\" width=\"48\" height=\"50\" src=\"https:\/\/drasimoneelias.com.br\/wp-content\/uploads\/2019\/09\/diagnostico-precoce-e1569019604931.png\" class=\"attachment-full\" alt=\"\" \/><\/div><div class=\"icon-content\"><h4>DIAGN\u00d3STICO PRECOCE<\/h4><p>A maioria dos c\u00e2nceres de mama s\u00e3o cur\u00e1veis se diagnosticados e tratados a tempo. Assim, anormalidades na mama ou em qualquer exame de imagem devem ser analisadas cuidadosamente e esclarecidas de modo definitivo.<\/p><\/div><span class='fa fa-info-circle large-icon'> <\/span><\/div>[\/vc_column_inner][vc_column_inner width=&#8221;1\/3&#8243; css=&#8221;.vc_custom_1458192854380{padding-top: 0px !important;padding-right: 0px !important;padding-bottom: 0px !important;padding-left: 0px !important;}&#8221;]<div class='dt-sc-icon-box type1 '><div class=\"icon-wrapper\"><img loading=\"lazy\" decoding=\"async\" width=\"34\" height=\"50\" src=\"https:\/\/drasimoneelias.com.br\/wp-content\/uploads\/2019\/09\/mamografia-e1569019560230.png\" class=\"attachment-full\" alt=\"\" \/><\/div><div class=\"icon-content\"><h4>MAMOGRAFIA<\/h4><p>A mamografia \u00e9 a radiografia das mamas. Como todo teste de rastreamento, n\u00e3o \u00e9 100% perfeito. No entanto a realiza\u00e7\u00e3o da mamografia (com qualidade) e em intervalos anuais a partir dos 40 anos (para as popula\u00e7\u00f5es de baixo risco) pode diminuir a morte por c\u00e2ncer de mama ate mais que 40%.<\/p><\/div><span class='fa fa-info-circle large-icon'> <\/span><\/div>[\/vc_column_inner][vc_column_inner width=&#8221;1\/3&#8243; css=&#8221;.vc_custom_1560295666700{padding-top: 0px !important;padding-right: 0px !important;padding-bottom: 0px !important;padding-left: 0px !important;}&#8221;]<div class='dt-sc-icon-box type1 '><div class=\"icon-wrapper\"><img loading=\"lazy\" decoding=\"async\" width=\"50\" height=\"50\" src=\"https:\/\/drasimoneelias.com.br\/wp-content\/uploads\/2019\/09\/ultrassom-e1569019648597.png\" class=\"attachment-full\" alt=\"\" \/><\/div><div class=\"icon-content\"><h4>ULTRASSONOGRAFIA<\/h4><p>\u00c9 um excelente m\u00e9todo complementar para a mamografia, especialmente naquelas mamas chamadas de &#8220;mamas densas&#8221;. \u00c9 a primeira op\u00e7\u00e3o de exame em mulheres jovens (abaixo dos 40 anos) ou em gestantes com altera\u00e7\u00f5es no exame das mamas.<\/p><\/div><span class='fa fa-info-circle large-icon'> <\/span><\/div>[\/vc_column_inner][\/vc_row_inner][vc_empty_space height=&#8221;20px&#8221;][vc_row_inner equal_height=&#8221;yes&#8221; gap=&#8221;20&#8243;][vc_column_inner width=&#8221;1\/3&#8243; css=&#8221;.vc_custom_1458192848305{padding-top: 0px !important;padding-right: 0px !important;padding-bottom: 0px !important;padding-left: 0px !important;}&#8221;]<div class='dt-sc-icon-box type1 '><div class=\"icon-wrapper\"><img loading=\"lazy\" decoding=\"async\" width=\"50\" height=\"50\" src=\"https:\/\/drasimoneelias.com.br\/wp-content\/uploads\/2019\/09\/ressonanci-e1569019624955.png\" class=\"attachment-full\" alt=\"\" \/><\/div><div class=\"icon-content\"><h4>RESSON\u00c2NCIA MAGN\u00c9TICA DAS MAMAS<\/h4><p>\u00c9 um exame auxiliar em situa\u00e7\u00f5es duvidosas e tamb\u00e9m associado a mamografia naquelas mulheres de alto risco (portadoras de muta\u00e7\u00e3o gen\u00e9tica ou hist\u00f3rico importante de c\u00e2ncer de mama)<\/p><\/div><span class='fa fa-info-circle large-icon'> <\/span><\/div>[\/vc_column_inner][vc_column_inner width=&#8221;1\/3&#8243; css=&#8221;.vc_custom_1458192854380{padding-top: 0px !important;padding-right: 0px !important;padding-bottom: 0px !important;padding-left: 0px !important;}&#8221;]<div class='dt-sc-icon-box type1 '><div class=\"icon-wrapper\"><img loading=\"lazy\" decoding=\"async\" width=\"50\" height=\"50\" src=\"https:\/\/drasimoneelias.com.br\/wp-content\/uploads\/2019\/09\/biopsia-e1569019758850.png\" class=\"attachment-full\" alt=\"\" \/><\/div><div class=\"icon-content\"><h4>BI\u00d3PSIAS MAM\u00c1RIAS<\/h4><p>O conhecimento das doen\u00e7as das mamas e tamb\u00e9m dos m\u00e9todos de bi\u00f3psias dispon\u00edveis s\u00e3o fundamentais no momento de direcionar a investiga\u00e7\u00e3o. A escolha da bi\u00f3psia mam\u00e1ria mais adequada evita atrasos no diagn\u00f3stico e consequentemente, no tratamento.<\/p><\/div><span class='fa fa-info-circle large-icon'> <\/span><\/div>[\/vc_column_inner][vc_column_inner width=&#8221;1\/3&#8243; css=&#8221;.vc_custom_1458192860997{padding-top: 0px !important;padding-right: 0px !important;padding-bottom: 0px !important;padding-left: 0px !important;}&#8221;]<div class='dt-sc-icon-box type1 '><div class=\"icon-wrapper\"><img loading=\"lazy\" decoding=\"async\" width=\"50\" height=\"50\" src=\"https:\/\/drasimoneelias.com.br\/wp-content\/uploads\/2019\/09\/cirurgia-e1569019582842.png\" class=\"attachment-full\" alt=\"\" \/><\/div><div class=\"icon-content\"><h4>CIRURGIAS MAM\u00c1RIAS<\/h4><p>Podem ser conservadoras (retirada de parte da mama) ou radicais (retirada total da mama). Felizmente, com a evolu\u00e7\u00e3o dos tratamentos e diagn\u00f3sticos precoces, al\u00e9m das t\u00e9cnicas de cirurgia reparadora (reconstru\u00e7\u00e3o mam\u00e1ria), ambas mulheres que se submetem a essas cirurgias, seja conservadora ou radical, podem obter um resultado est\u00e9tico nunca imaginado.<\/p><\/div><span class='fa fa-info-circle large-icon'> <\/span><\/div>[\/vc_column_inner][\/vc_row_inner][\/vc_column][vc_column offset=&#8221;vc_hidden-md vc_hidden-sm vc_hidden-xs&#8221;][vc_empty_space height=&#8221;105px&#8221;][\/vc_column][\/vc_row][vc_row el_class=&#8221;parallax-quote-content&#8221;][vc_column css=&#8221;.vc_custom_1560293880144{padding-top: 60px !important;padding-right: 40px !important;padding-bottom: 0px !important;padding-left: 0px !important;}&#8221; el_class=&#8221;dt-sc-background-one&#8221; el_id=&#8221;tratamento-humanizado&#8221;][vc_row_inner css=&#8221;.vc_custom_1458208348490{background-position: center !important;background-repeat: no-repeat !important;background-size: contain !important;}&#8221;][vc_column_inner css=&#8221;.vc_custom_1462875039970{padding-top: 6px !important;}&#8221;][vc_column_text el_class=&#8221;parallax-quote&#8221;]<div class='dt-sc-small-separator '><\/div>\n<h2>Tratamento Humanizado<\/h2>\n<div class='dt-sc-clear '> <\/div>[\/vc_column_text][\/vc_column_inner][\/vc_row_inner][vc_row_inner equal_height=&#8221;yes&#8221; css=&#8221;.vc_custom_1458815546962{margin-top: 0px !important;margin-right: 0px !important;margin-bottom: 0px !important;margin-left: 0px !important;padding-top: 0px !important;padding-right: 0px !important;padding-bottom: 0px !important;padding-left: 0px !important;}&#8221;][vc_column_inner el_class=&#8221;doctor-quote&#8221; width=&#8221;1\/2&#8243; css=&#8221;.vc_custom_1568313283318{margin-top: -15px !important;margin-right: 0px !important;margin-left: 0px !important;background-position: center !important;background-repeat: no-repeat !important;background-size: cover !important;}&#8221; offset=&#8221;vc_hidden-sm vc_hidden-xs&#8221;][vc_single_image image=&#8221;9650&#8243; img_size=&#8221;full&#8221;][\/vc_column_inner][vc_column_inner width=&#8221;1\/2&#8243; css=&#8221;.vc_custom_1462875605599{margin-right: 0px !important;margin-left: 0px !important;padding-right: 0px !important;}&#8221;][vc_empty_space height=&#8221;60px&#8221;][vc_column_text el_class=&#8221;alignleft&#8221;]<\/p>\n<blockquote><p>Neste momento t\u00e3o delicado da mulher, algu\u00e9m com empatia que coordene todas as etapas a serem vencidas faz toda a diferen\u00e7a. Sentir-se cuidado por um profissional que se importa com seu bem-estar tr\u00e1s toda a seguran\u00e7a necess\u00e1ria para essa dif\u00edcil fase<\/p><\/blockquote>\n<p><strong>DOUTORA<\/strong> SIMONE ELIAS[\/vc_column_text][vc_empty_space height=&#8221;60px&#8221;][\/vc_column_inner][\/vc_row_inner][\/vc_column][\/vc_row][vc_row full_width=&#8221;stretch_row&#8221; content_placement=&#8221;middle&#8221; parallax=&#8221;content-moving&#8221; parallax_image=&#8221;9531&#8243; text_color=&#8221;#ffffff&#8221; el_class=&#8221;white-text&#8221; css=&#8221;.vc_custom_1568162377970{background-color: rgba(132,132,132,0.95) !important;*background-color: rgb(132,132,132) !important;}&#8221;][vc_column width=&#8221;1\/2&#8243;][\/vc_column][vc_column width=&#8221;1\/2&#8243; css=&#8221;.vc_custom_1458216125464{margin-top: 72px !important;margin-left: 20px !important;}&#8221;][vc_column_text css=&#8221;.vc_custom_1594149958469{margin-bottom: 28px !important;}&#8221;]<\/p>\n<h2>A Cl\u00ednica Simone Elias disponibiliza um tratamento humanizado baseado nos seguintes princ\u00edpios e pr\u00e1ticas:<\/h2>\n<p>[\/vc_column_text][vc_column_text css=&#8221;.vc_custom_1570573344777{margin-bottom: 28px !important;}&#8221;]A humaniza\u00e7\u00e3o est\u00e1 no cerne do atendimento da Cl\u00ednica Simone Elias.<\/p>\n<p>O c\u00e2ncer de mama \u00e9 uma doen\u00e7a muitas vezes grave e que afeta n\u00e3o apenas a sa\u00fade f\u00edsica da mulher, mas provoca danos \u00e0 autoestima e estrutura psicol\u00f3gica da paciente.<\/p>\n<p>Por isso, a Cl\u00ednica Simone Elias presta um atendimento personalizado para mulheres com doen\u00e7as mam\u00e1rias e, principalmente, acometidas pelo c\u00e2ncer de mama. Todas as particularidades de cada uma das mulheres atendidas s\u00e3o consideradas.<\/p>\n<p>A Cl\u00ednica Simone Elias disponibiliza um tratamento humanizado baseado no acolhimento, escuta ativa, respeito, estrutura f\u00edsica acolhedora, sigilosa e \u00e9tica. Todos esses aspectos possibilitam a unidade do cuidado \u2013 aliar os melhores recursos t\u00e9cnicos \u00e0 qualidade no relacionamento com o paciente, sua fam\u00edlia e toda a equipe envolvida.[\/vc_column_text][vc_row_inner][vc_column_inner width=&#8221;1\/2&#8243;]<ul class='dt-sc-fancy-list   circle'>\n<li>\u00c9tica;<\/li>\n<li>Tratamento personalizado;<\/li>\n<li>Acolhimento;<\/li>\n<li>Escuta ativa;<\/li>\n<\/ul>[\/vc_column_inner][vc_column_inner width=&#8221;1\/2&#8243;]<ul class='dt-sc-fancy-list   circle'>\n<li>Respeito as diferen\u00e7as;<\/li>\n<li>Comunica\u00e7\u00e3o eficiente;<\/li>\n<li>Acesso f\u00e1cil ao m\u00e9dico;<\/li>\n<li>Estrutura f\u00edsica acolhedora e sigilosa.<\/li>\n<\/ul>[\/vc_column_inner][\/vc_row_inner][vc_empty_space height=&#8221;40px&#8221;][\/vc_column][\/vc_row][vc_row][vc_column][vc_empty_space height=&#8221;90px&#8221;][\/vc_column][vc_column el_id=&#8221;acompanhamento-pos-tratamento&#8221;][vc_empty_space height=&#8221;100px&#8221;][\/vc_column][vc_column el_id=&#8221;acompanhamento-pos-tratamento&#8221;][vc_column_text el_class=&#8221;aligncenter&#8221;]<div class='dt-sc-small-separator '><\/div>\n<h2>Acompanhamento P\u00f3s-tratamento<\/h2>\n<div class='dt-sc-clear '> <\/div>[\/vc_column_text][\/vc_column][vc_column][vc_empty_space height=&#8221;27px&#8221;][\/vc_column][vc_column][vc_row_inner][vc_column_inner css=&#8221;.vc_custom_1464678263325{padding-left: 0px !important;}&#8221;][vc_column_text]O acompanhamento ap\u00f3s finalizado o tratamento do c\u00e2ncer de mama (chamado tamb\u00e9m de<em>\u00a0follow up<\/em>) \u00e9 uma fase muito importante para a paciente.<\/p>\n<p>Ap\u00f3s um per\u00edodo intenso de consultas e procedimentos, finalmente a mulher retoma sua vida.<\/p>\n<p>E agora ? Um \u00a0momento de reflex\u00e3o, para avaliar as mudan\u00e7as que quer e precisa fazer &#8230; pessoal, profissional emocional.<\/p>\n<p>V\u00e1rios aspectos s\u00e3o ou foram afetados pela doen\u00e7a &#8230;<\/p>\n<p>Neste per\u00edodo \u00e9 ESSENCIAL um cuidado especializado e orienta\u00e7\u00f5es das melhores op\u00e7\u00f5es para tratamento de v\u00e1rios sintomas que podem ter surgido.<\/p>\n<p>Por exemplo, algumas mulheres entrar\u00e3o no per\u00edodo da menopausa (climat\u00e9rio) e ter\u00e3o restri\u00e7\u00f5es quanto a algumas terapias que outras mulheres podem usar.<\/p>\n<p>Um especialista em Mastologia poder\u00e1 orientar a mulher e seu Ginecologista sobre as melhores e mais seguras op\u00e7\u00f5es.[\/vc_column_text][\/vc_column_inner][\/vc_row_inner][\/vc_column][\/vc_row][vc_row][vc_column el_id=&#8221;equipe-multiprofissional&#8221;][vc_empty_space height=&#8221;100px&#8221;][\/vc_column][vc_column][vc_column_text el_class=&#8221;aligncenter&#8221;]<div class='dt-sc-small-separator '><\/div>\n<h2>Equipe Multiprofissional<\/h2>\n<div class='dt-sc-clear '> <\/div>[\/vc_column_text][\/vc_column][vc_column][vc_empty_space height=&#8221;27px&#8221;][\/vc_column][vc_column][vc_row_inner][vc_column_inner css=&#8221;.vc_custom_1464678263325{padding-left: 0px !important;}&#8221;][vc_column_text]A integra\u00e7\u00e3o da equipe que conta com profissionais de diferentes especialidades \u00e9 um dos principais diferenciais da Cl\u00ednica Simone Elias, que orienta desde a investiga\u00e7\u00e3o diagn\u00f3stica at\u00e9 a repara\u00e7\u00e3o est\u00e9tica da mulher, al\u00e9m dos aspectos psicol\u00f3gicos da paciente.<\/p>\n<p>A parceria, o alinhamento e a troca de informa\u00e7\u00f5es com diversos profissionais envolvidos permitem o cuidado em todas as \u00e1reas referentes ao manejo da mulher com esta doen\u00e7a.<\/p>\n<p>Com uma vasta experi\u00eancia e conhecimento desta \u00e1rea, a doutora Simone Elias \u00e9 quem coordena os profissionais envolvidos, otimizando todas as sequ\u00eancias de tratamento necess\u00e1rias.<\/p>\n<p>Esta equipe eficiente \u00e9 composta por uma s\u00e9rie de profissionais associados extremamente importantes para o sucesso do tratamento e o bem-estar da paciente.[\/vc_column_text]<ul class='dt-sc-fancy-list   circle'>\n<li>Radiologista Mam\u00e1rio;<\/li>\n<li>Oncologista;<\/li>\n<li>Radioterapeuta;<\/li>\n<li>Geneticista;<\/li>\n<li>Psic\u00f3logo;<\/li>\n<li>Cirurgi\u00e3o Pl\u00e1stico (especializado em cirurgia reparadora);<\/li>\n<li>T\u00e9cnica Param\u00e9dica (especializada em reconstru\u00e7\u00e3o de ar\u00e9ola).<\/li>\n<\/ul>[\/vc_column_inner][\/vc_row_inner][\/vc_column][vc_column][vc_empty_space height=&#8221;90px&#8221;][\/vc_column][\/vc_row][vc_row full_width=&#8221;stretch_row&#8221; content_placement=&#8221;middle&#8221; el_class=&#8221;white-text appointment-form&#8221; addstyles=&#8221;overflow: visible; background-position: bottom !important;&#8221; css=&#8221;.vc_custom_1560379997820{background-color: #f9e0e0 !important;}&#8221;][vc_column width=&#8221;1\/2&#8243; el_class=&#8221;dt-sc-three-fifth&#8221; offset=&#8221;vc_hidden-sm vc_hidden-xs&#8221;][\/vc_column][vc_column width=&#8221;1\/2&#8243; el_class=&#8221;dt-sc-two-fifth&#8221; addstyles=&#8221;float: right;&#8221; el_id=&#8221;fale-conosco&#8221;][vc_empty_space height=&#8221;95px&#8221;][vc_column_text el_class=&#8221;inherit&#8221;]<div class='dt-sc-small-separator '><\/div>\n<h2 style=\"color: #000;\"><strong>Fale Conosco<\/strong> e\u00a0reserve seu hor\u00e1rio de consulta<\/h2>\n<div class='dt-sc-clear '> <\/div>[\/vc_column_text][vc_column_text el_class=&#8221;inherit&#8221;]<\/p>\n<div style=\"color: #000;\">A administra\u00e7\u00e3o da cl\u00ednica auxilia na obten\u00e7\u00e3o de reembolso das consultas\/cirurgias. Toda a log\u00edstica do agendamento de cirurgias \u00e9 realizada pela cl\u00ednica, evitando ainda maior estresse neste momento.<\/div>\n<p>[\/vc_column_text][contact-form-7 id=&#8221;9770&#8243;][vc_empty_space height=&#8221;25px&#8221;][vc_column_text]<\/p>\n<div style=\"color: #000;\">\n<p><strong>Hor\u00e1rios de atendimento\u00a0presencial<\/strong><\/p>\n<p>Ter\u00e7a das 10 as 18 horas<br \/>\nQuarta\u00a0das\u00a014 \u00e0s 18 horas<br \/>\nQuinta\u00a0das\u00a014 \u00e0s 18 horas<\/p>\n<p>Consulte-nos sobre outros hor\u00e1rios para atendimento presencial ou por TELEMEDICINA<\/p>\n<p><strong>Endere\u00e7o:<\/strong><br \/>\nAv. Ibirapuera, 2907 &#8211; sala 218<br \/>\n04029-200 &#8211; Moema &#8211; S\u00e3o Paulo\/SP<\/p>\n<p>Estacionamento com manobrista no local<\/p>\n<p><strong>Telefones:<\/strong><br \/>\n11 5531 3621<br \/>\n11 5531 2593<\/p>\n<p><strong>WhatsApp:<\/strong><br \/>\n<a style=\"color: #000;\" href=\"https:\/\/api.whatsapp.com\/send?phone=5511953286767\" target=\"_blank\" rel=\"noopener noreferrer\">11 95328-6767<\/a><\/p>\n<p>simone@drasimoneelias.com.br<\/p>\n<\/div>\n<p>[\/vc_column_text][\/vc_column][\/vc_row][vc_row][vc_column][vc_empty_space height=&#8221;100px&#8221;][\/vc_column][\/vc_row]<\/p>\n","protected":false},"excerpt":{"rendered":"<p>[vc_row][vc_column el_id=&#8221;a-clinica&#8221;][vc_empty_space height=&#8221;50px&#8221;][vc_column_text el_class=&#8221;aligncenter&#8221;] A Cl\u00ednica [\/vc_column_text][\/vc_column][\/vc_row][vc_row][vc_column width=&#8221;2\/3&#8243;][vc_column_text]A sa\u00fade da mulher e o seu bem-estar \u00e9 o principal foco da Cl\u00ednica Simone Elias, assim a cl\u00ednica foi concebida em um formato de trabalho diferenciado que prioriza o cuidado integral de pacientes com c\u00e2ncer de mama. A cl\u00ednica oferece um atendimento completo e personalizado para mulheres [&hellip;]<\/p>\n","protected":false},"author":1,"featured_media":0,"parent":0,"menu_order":0,"comment_status":"closed","ping_status":"closed","template":"","meta":{"footnotes":""},"_links":{"self":[{"href":"https:\/\/drasimoneelias.com.br\/index.php?rest_route=\/wp\/v2\/pages\/9460"}],"collection":[{"href":"https:\/\/drasimoneelias.com.br\/index.php?rest_route=\/wp\/v2\/pages"}],"about":[{"href":"https:\/\/drasimoneelias.com.br\/index.php?rest_route=\/wp\/v2\/types\/page"}],"author":[{"embeddable":true,"href":"https:\/\/drasimoneelias.com.br\/index.php?rest_route=\/wp\/v2\/users\/1"}],"replies":[{"embeddable":true,"href":"https:\/\/drasimoneelias.com.br\/index.php?rest_route=%2Fwp%2Fv2%2Fcomments&post=9460"}],"version-history":[{"count":65,"href":"https:\/\/drasimoneelias.com.br\/index.php?rest_route=\/wp\/v2\/pages\/9460\/revisions"}],"predecessor-version":[{"id":9804,"href":"https:\/\/drasimoneelias.com.br\/index.php?rest_route=\/wp\/v2\/pages\/9460\/revisions\/9804"}],"wp:attachment":[{"href":"https:\/\/drasimoneelias.com.br\/index.php?rest_route=%2Fwp%2Fv2%2Fmedia&parent=9460"}],"curies":[{"name":"wp","href":"https:\/\/api.w.org\/{rel}","templated":true}]}}